{"id":357,"date":"2022-04-30T00:42:51","date_gmt":"2022-04-30T00:42:51","guid":{"rendered":"https:\/\/soundivine.fr\/mentions-legales\/"},"modified":"2023-03-31T12:55:21","modified_gmt":"2023-03-31T12:55:21","slug":"mentions-legales","status":"publish","type":"page","link":"https:\/\/soundivine.fr\/en\/mentions-legales\/","title":{"rendered":"Mentions l\u00e9gales"},"content":{"rendered":"<p><strong>SAS SOUNDIVINE<\/strong><br>Num\u00e9ro de Siret : 90966921000025<br>RCS AVIGNON<br>N\u00b0 TVA : FR 39909669210<\/p><p>Nom du responsable : C\u00e9dric BENOIT<br><a href=\"mailto:cedric@soundivine.fr\">cedric@soundivine.fr<\/a><\/p><p>Adresse de la soci\u00e9t\u00e9 :<br>29 Avenue du g\u00e9n\u00e9ral de Gaulle<br>84130 Le Pontet\u2028<\/p><p>Adresse du si\u00e8ge social de la soci\u00e9t\u00e9 :<br>29 Avenue du g\u00e9n\u00e9ral de Gaulle<br>84130 Le Pontet<\/p><p><strong>\u00c9diteur de publication<\/strong><\/p><p>Thomas Desnoyers<br><a href=\"mailto:contact@thomasdesnoyers.com\">contact@thomasdesnoyers.com<\/a><\/p><p><strong>Directeur de publication<\/strong><\/p><p>Thomas Desnoyers<br><a href=\"mailto:contact@thomasdesnoyers.com\">contact@thomasdesnoyers.com<\/a><\/p><p><strong>Responsable de la r\u00e9daction<\/strong><\/p><p>Audrey Benoit<br><a href=\"mailto:audrey@soundivine.fr\">audrey@soundivine.fr<\/a><\/p><p><strong>Webmaster<\/strong><\/p><p>Site Web cr\u00e9\u00e9 par Thomas Desnoyers et h\u00e9berg\u00e9 par Ionos<\/p><p>Adresse\u00a0: 15 rue de l&#8217;\u00c9chiquier, 75010 Paris<\/p><figure class=\"wp-block-embed\"><div class=\"wp-block-embed__wrapper\">\nhttps:\/\/www.thomasdesnoyers.com\/\n<\/div><\/figure>","protected":false},"excerpt":{"rendered":"<p>SAS SOUNDIVINENum\u00e9ro de Siret : 90966921000025RCS AVIGNONN\u00b0 TVA : FR 39909669210 Nom du responsable : C\u00e9dric BENOITcedric@soundivine.fr Adresse de la soci\u00e9t\u00e9 :29 Avenue du g\u00e9n\u00e9ral de Gaulle84130 Le Pontet\u2028 Adresse du si\u00e8ge social de la soci\u00e9t\u00e9 :29 Avenue du g\u00e9n\u00e9ral de Gaulle84130 Le Pontet \u00c9diteur de publication Thomas Desnoyerscontact@thomasdesnoyers.com Directeur de publication Thomas Desnoyerscontact@thomasdesnoyers.com Responsable [&hellip;]<\/p>\n","protected":false},"author":1,"featured_media":0,"parent":0,"menu_order":0,"comment_status":"closed","ping_status":"closed","template":"","meta":{"_acf_changed":false,"footnotes":""},"class_list":["post-357","page","type-page","status-publish","hentry"],"acf":[],"yoast_head":"<!-- This site is optimized with the Yoast SEO plugin v26.7 - https:\/\/yoast.com\/wordpress\/plugins\/seo\/ -->\n<title>Mentions l\u00e9gales - Soundivine<\/title>\n<meta name=\"robots\" content=\"index, follow, max-snippet:-1, max-image-preview:large, max-video-preview:-1\" \/>\n<link rel=\"canonical\" href=\"https:\/\/soundivine.fr\/en\/mentions-legales\/\" \/>\n<meta property=\"og:locale\" content=\"en_US\" \/>\n<meta property=\"og:type\" content=\"article\" \/>\n<meta property=\"og:title\" content=\"Mentions l\u00e9gales - Soundivine\" \/>\n<meta property=\"og:description\" content=\"SAS SOUNDIVINENum\u00e9ro de Siret : 90966921000025RCS AVIGNONN\u00b0 TVA : FR 39909669210 Nom du responsable : C\u00e9dric BENOITcedric@soundivine.fr Adresse de la soci\u00e9t\u00e9 :29 Avenue du g\u00e9n\u00e9ral de Gaulle84130 Le Pontet\u2028 Adresse du si\u00e8ge social de la soci\u00e9t\u00e9 :29 Avenue du g\u00e9n\u00e9ral de Gaulle84130 Le Pontet \u00c9diteur de publication Thomas Desnoyerscontact@thomasdesnoyers.com Directeur de publication Thomas Desnoyerscontact@thomasdesnoyers.com Responsable [&hellip;]\" \/>\n<meta property=\"og:url\" content=\"https:\/\/soundivine.fr\/en\/mentions-legales\/\" \/>\n<meta property=\"og:site_name\" content=\"Soundivine\" \/>\n<meta property=\"article:modified_time\" content=\"2023-03-31T12:55:21+00:00\" \/>\n<meta name=\"twitter:card\" content=\"summary_large_image\" \/>\n<meta name=\"twitter:label1\" content=\"Est. reading time\" \/>\n\t<meta name=\"twitter:data1\" content=\"1 minute\" \/>\n<script type=\"application\/ld+json\" class=\"yoast-schema-graph\">{\"@context\":\"https:\/\/schema.org\",\"@graph\":[{\"@type\":\"WebPage\",\"@id\":\"https:\/\/soundivine.fr\/en\/mentions-legales\/\",\"url\":\"https:\/\/soundivine.fr\/en\/mentions-legales\/\",\"name\":\"Mentions l\u00e9gales - Soundivine\",\"isPartOf\":{\"@id\":\"https:\/\/soundivine.fr\/#website\"},\"datePublished\":\"2022-04-30T00:42:51+00:00\",\"dateModified\":\"2023-03-31T12:55:21+00:00\",\"breadcrumb\":{\"@id\":\"https:\/\/soundivine.fr\/en\/mentions-legales\/#breadcrumb\"},\"inLanguage\":\"en-US\",\"potentialAction\":[{\"@type\":\"ReadAction\",\"target\":[\"https:\/\/soundivine.fr\/en\/mentions-legales\/\"]}]},{\"@type\":\"BreadcrumbList\",\"@id\":\"https:\/\/soundivine.fr\/en\/mentions-legales\/#breadcrumb\",\"itemListElement\":[{\"@type\":\"ListItem\",\"position\":1,\"name\":\"Accueil\",\"item\":\"https:\/\/soundivine.fr\/en\/\"},{\"@type\":\"ListItem\",\"position\":2,\"name\":\"Mentions l\u00e9gales\"}]},{\"@type\":\"WebSite\",\"@id\":\"https:\/\/soundivine.fr\/#website\",\"url\":\"https:\/\/soundivine.fr\/\",\"name\":\"Soundivine\",\"description\":\"Assemblage acoustique\",\"potentialAction\":[{\"@type\":\"SearchAction\",\"target\":{\"@type\":\"EntryPoint\",\"urlTemplate\":\"https:\/\/soundivine.fr\/?s={search_term_string}\"},\"query-input\":{\"@type\":\"PropertyValueSpecification\",\"valueRequired\":true,\"valueName\":\"search_term_string\"}}],\"inLanguage\":\"en-US\"}]}<\/script>\n<!-- \/ Yoast SEO plugin. -->","yoast_head_json":{"title":"Mentions l\u00e9gales - Soundivine","robots":{"index":"index","follow":"follow","max-snippet":"max-snippet:-1","max-image-preview":"max-image-preview:large","max-video-preview":"max-video-preview:-1"},"canonical":"https:\/\/soundivine.fr\/en\/mentions-legales\/","og_locale":"en_US","og_type":"article","og_title":"Mentions l\u00e9gales - Soundivine","og_description":"SAS SOUNDIVINENum\u00e9ro de Siret : 90966921000025RCS AVIGNONN\u00b0 TVA : FR 39909669210 Nom du responsable : C\u00e9dric BENOITcedric@soundivine.fr Adresse de la soci\u00e9t\u00e9 :29 Avenue du g\u00e9n\u00e9ral de Gaulle84130 Le Pontet\u2028 Adresse du si\u00e8ge social de la soci\u00e9t\u00e9 :29 Avenue du g\u00e9n\u00e9ral de Gaulle84130 Le Pontet \u00c9diteur de publication Thomas Desnoyerscontact@thomasdesnoyers.com Directeur de publication Thomas Desnoyerscontact@thomasdesnoyers.com Responsable [&hellip;]","og_url":"https:\/\/soundivine.fr\/en\/mentions-legales\/","og_site_name":"Soundivine","article_modified_time":"2023-03-31T12:55:21+00:00","twitter_card":"summary_large_image","twitter_misc":{"Est. reading time":"1 minute"},"schema":{"@context":"https:\/\/schema.org","@graph":[{"@type":"WebPage","@id":"https:\/\/soundivine.fr\/en\/mentions-legales\/","url":"https:\/\/soundivine.fr\/en\/mentions-legales\/","name":"Mentions l\u00e9gales - Soundivine","isPartOf":{"@id":"https:\/\/soundivine.fr\/#website"},"datePublished":"2022-04-30T00:42:51+00:00","dateModified":"2023-03-31T12:55:21+00:00","breadcrumb":{"@id":"https:\/\/soundivine.fr\/en\/mentions-legales\/#breadcrumb"},"inLanguage":"en-US","potentialAction":[{"@type":"ReadAction","target":["https:\/\/soundivine.fr\/en\/mentions-legales\/"]}]},{"@type":"BreadcrumbList","@id":"https:\/\/soundivine.fr\/en\/mentions-legales\/#breadcrumb","itemListElement":[{"@type":"ListItem","position":1,"name":"Accueil","item":"https:\/\/soundivine.fr\/en\/"},{"@type":"ListItem","position":2,"name":"Mentions l\u00e9gales"}]},{"@type":"WebSite","@id":"https:\/\/soundivine.fr\/#website","url":"https:\/\/soundivine.fr\/","name":"Soundivine","description":"Assemblage acoustique","potentialAction":[{"@type":"SearchAction","target":{"@type":"EntryPoint","urlTemplate":"https:\/\/soundivine.fr\/?s={search_term_string}"},"query-input":{"@type":"PropertyValueSpecification","valueRequired":true,"valueName":"search_term_string"}}],"inLanguage":"en-US"}]}},"_links":{"self":[{"href":"https:\/\/soundivine.fr\/en\/wp-json\/wp\/v2\/pages\/357","targetHints":{"allow":["GET"]}}],"collection":[{"href":"https:\/\/soundivine.fr\/en\/wp-json\/wp\/v2\/pages"}],"about":[{"href":"https:\/\/soundivine.fr\/en\/wp-json\/wp\/v2\/types\/page"}],"author":[{"embeddable":true,"href":"https:\/\/soundivine.fr\/en\/wp-json\/wp\/v2\/users\/1"}],"replies":[{"embeddable":true,"href":"https:\/\/soundivine.fr\/en\/wp-json\/wp\/v2\/comments?post=357"}],"version-history":[{"count":2,"href":"https:\/\/soundivine.fr\/en\/wp-json\/wp\/v2\/pages\/357\/revisions"}],"predecessor-version":[{"id":1129,"href":"https:\/\/soundivine.fr\/en\/wp-json\/wp\/v2\/pages\/357\/revisions\/1129"}],"wp:attachment":[{"href":"https:\/\/soundivine.fr\/en\/wp-json\/wp\/v2\/media?parent=357"}],"curies":[{"name":"wp","href":"https:\/\/api.w.org\/{rel}","templated":true}]}}